{"id":67,"date":"2023-01-09T23:48:34","date_gmt":"2023-01-09T23:48:34","guid":{"rendered":"https:\/\/ktv1846-badminton.de\/?page_id=67"},"modified":"2024-01-18T13:38:58","modified_gmt":"2024-01-18T13:38:58","slug":"impressum","status":"publish","type":"page","link":"https:\/\/ktv1846-badminton.de\/?page_id=67","title":{"rendered":"Impressum"},"content":{"rendered":"\n<p>Karlsruher Turnverein 1846 e.V. Abteilung Badminton<\/p>\n\n\n\n<p>\u200b<\/p>\n\n\n\n<p>Abteilungsleitung:<\/p>\n\n\n\n<p>Lennart Renker (Vorsitzender)<br>Pelle Merkens (Stellvertreter)<\/p>\n\n\n\n<p>\u200b<\/p>\n\n\n\n<p><strong>Adresse:<\/strong><\/p>\n\n\n\n<p>Linkenheimer Allee 8<br>76131 Karlsruhe<br>Tel.: 0721 753424<br>Fax.: 0721 9712326<\/p>\n\n\n\n<p><\/p>\n\n\n\n<p>Registergericht: Amtsgericht Karlsruhe<br>Registernummer: VR 268<\/p>\n\n\n\n<p>\u200b<\/p>\n\n\n\n<p><strong>Verweise:<\/strong><\/p>\n\n\n\n<p>Trotz sorgf\u00e4ltiger Pr\u00fcfung der Inhalte und Verweise auf dieser Webpr\u00e4senz wird f\u00fcr den Inhalt von Seiten, auf die hier direkt oder indirekt verwiesen wird, keine Haftung \u00fcbernommen.<\/p>\n\n\n\n<p>\u200b<\/p>\n\n\n\n<p><strong>Urheberrecht:<\/strong><\/p>\n\n\n\n<p>Der Betreiber dieser Webpr\u00e4senz ist stets bem\u00fcht in allen Teilen dieser Webpr\u00e4senz eigene, lizenzfreie oder entsprechend gekennzeichnete Texte, Grafiken oder andere Werke zu verwenden. Sollte es dennoch zu einer unbeabsichtigten Copyrightverletzung kommen, wird der Betreiber dieser Webpr\u00e4senz das entsprechende Werk nach einer Benachrichtigung kennzeichnen oder entfernen.<\/p>\n\n\n\n<p>\u200b<\/p>\n\n\n\n<p><strong>Haftungsausschluss:<\/strong><\/p>\n\n\n\n<p>Weder der Betreiber noch der Webmaster k\u00f6nnen in irgendeiner Weise f\u00fcr die Korrektheit, Qualit\u00e4t, Aktualit\u00e4t oder in irgendeiner anderen Weise f\u00fcr Sch\u00e4den die direkt oder indirekt durch diese Webseite entstanden sind, haftbar gemacht werden.<\/p>\n\n\n\n<p><\/p>\n\n\n\n<p><strong>Impressum:<\/strong><\/p>\n\n\n\n<p>Dieses Impressum gilt als untrennbar vom Inhalt der Webpr\u00e4senz, dies bezieht sich insbesondere auf&nbsp;<a href=\"http:\/\/www.ktv1846-badminton.de\">http:\/\/www.ktv1846-badminton.de<\/a> und allen davon abgeleiteten Subdomains, sowie den von dort abgeleiteten Subdomains. Sollte im Impressum ein Widerspruch zur geltenden Rechtslage bestehen, so bleiben die \u00fcbrigen Teile des Impressums davon unber\u00fchrt und behalten weiterhin G\u00fcltigkeit.<\/p>\n\n\n\n<p>\u200b<\/p>\n\n\n\n<p>Informationen \u00fcber den Gesamtverein Karlsruher TV 1846 e.V. erhalten sie&nbsp;<a href=\"http:\/\/www.karlsruher-tv.de\/\" target=\"_blank\" rel=\"noreferrer noopener\">hier<\/a>.<\/p>\n","protected":false},"excerpt":{"rendered":"<p>Karlsruher Turnverein 1846 e.V. Abteilung Badminton \u200b Abteilungsleitung: Lennart Renker (Vorsitzender)Pelle Merkens (Stellvertreter) \u200b Adresse: Linkenheimer Allee 876131 KarlsruheTel.: 0721 753424Fax.: 0721 9712326 Registergericht: Amtsgericht KarlsruheRegisternummer: VR 268 \u200b Verweise: [&hellip;]<\/p>\n","protected":false},"author":1,"featured_media":0,"parent":0,"menu_order":0,"comment_status":"closed","ping_status":"closed","template":"","meta":{"footnotes":""},"_links":{"self":[{"href":"https:\/\/ktv1846-badminton.de\/index.php?rest_route=\/wp\/v2\/pages\/67"}],"collection":[{"href":"https:\/\/ktv1846-badminton.de\/index.php?rest_route=\/wp\/v2\/pages"}],"about":[{"href":"https:\/\/ktv1846-badminton.de\/index.php?rest_route=\/wp\/v2\/types\/page"}],"author":[{"embeddable":true,"href":"https:\/\/ktv1846-badminton.de\/index.php?rest_route=\/wp\/v2\/users\/1"}],"replies":[{"embeddable":true,"href":"https:\/\/ktv1846-badminton.de\/index.php?rest_route=%2Fwp%2Fv2%2Fcomments&post=67"}],"version-history":[{"count":4,"href":"https:\/\/ktv1846-badminton.de\/index.php?rest_route=\/wp\/v2\/pages\/67\/revisions"}],"predecessor-version":[{"id":102,"href":"https:\/\/ktv1846-badminton.de\/index.php?rest_route=\/wp\/v2\/pages\/67\/revisions\/102"}],"wp:attachment":[{"href":"https:\/\/ktv1846-badminton.de\/index.php?rest_route=%2Fwp%2Fv2%2Fmedia&parent=67"}],"curies":[{"name":"wp","href":"https:\/\/api.w.org\/{rel}","templated":true}]}}